{"id":29,"date":"2015-06-24T11:25:15","date_gmt":"2015-06-24T09:25:15","guid":{"rendered":"http:\/\/Christine-Viedt.de\/?page_id=29"},"modified":"2015-08-30T19:22:29","modified_gmt":"2015-08-30T17:22:29","slug":"meine-arbeitsweise","status":"publish","type":"page","link":"http:\/\/www.christine-viedt.de\/?page_id=29","title":{"rendered":"Arbeitsweise"},"content":{"rendered":"<ul>\n<li><span style=\"color: #000000;\"><strong>Strukturiert<\/strong><\/span><br \/>\nIch arbeite strukturiert und lasse das den Inhalten zugeh\u00f6rige Ger\u00fcst gerne sichtbar werden.<\/li>\n<\/ul>\n<ul>\n<li><span style=\"color: #000000;\"><strong>Transparent<\/strong><\/span><br \/>\nInnerhalb des Rahmens der Schweigepflicht sorge ich daf\u00fcr, dass Absprachen,\u00a0 Vorg\u00e4nge, \u00dcberlegungen usw. transparent sind.<\/li>\n<\/ul>\n<ul>\n<li><span style=\"color: #000000;\"><strong>L\u00f6sungsorientiert<\/strong><\/span><br \/>\nIch lege gro\u00dfen Wert darauf, dass wir gemeinsam dort, wo es m\u00f6glich ist, konkrete L\u00f6sungsideen entwickeln, die alltagstauglich sind und Ihre Handlungsoptionen erweitern.<\/li>\n<\/ul>\n<ul>\n<li><span style=\"color: #000000;\"><strong>Interessiert<\/strong><\/span><br \/>\nIch stelle viele &#8211; zuweilen auch kritische (aber stets wohlgemeinte) &#8211; Fragen. Dadurch lassen sich dahinterliegende Glaubenss\u00e4tze und Denkmuster\u00a0 erkennen, was f\u00fcr den Beratungsprozess sehr n\u00fctzlich sein kann.<\/li>\n<\/ul>\n<ul>\n<li><span style=\"color: #000000;\"><strong>Aktivierend<\/strong><\/span><br \/>\nIch f\u00f6rdere die Auseinandersetzung mit unterschiedlichen Meinungen, Glaubenss\u00e4tze, Einstellungen usw. &#8211; wenn es dem Anliegen dienlich ist.<br \/>\nDenn ich betrachte verschiedene Sicht- und Verhaltensweisen als notwendige Voraussetzung und Bereicherung f\u00fcr eine erfolgreiche Zusammenarbeit in Teams, Gruppen und im Zweierkontakt.<\/li>\n<\/ul>\n<ul>\n<li><span style=\"color: #000000;\"><strong>Neutral<\/strong><\/span><br \/>\nIch achte stets darauf, mir meine unabh\u00e4ngige Au\u00dfenperspektive zu erhalten und biete sie Ihnen als \u201eneutrale\u201c Sichtweise an.<\/li>\n<\/ul>\n<ul>\n<li><strong><span style=\"color: #808080;\"><span style=\"color: #000000;\">Menschlich<\/span><br \/>\n<\/span><\/strong>Ich begreife Sie und mich als urspr\u00fcnglich gutm\u00fctige Wesen, die aber nicht unfehlbar sind. Daher bin ich f\u00fcr sogenannte &#8222;Fehler&#8220; dankbar und betrachte sie als wertvolle Hinweise auf Entwicklungspotential.<br \/>\nMit Empathie und Raum f\u00fcr Humor begleite ich Sie gerne auf dem Weg zu neuen Perspektiven und M\u00f6glichkeiten.<\/li>\n<\/ul>\n<h3><span style=\"color: #000000;\"><strong>Methoden<\/strong><\/span><\/h3>\n<p>Ich arbeite gerne mit unterschiedlichen Methoden und w\u00e4hle sie je individuell nach Person, Anliegen, Situation und setting aus.<\/p>\n<p>Wichtig ist mir dabei, dass meine KlientInnen das Erarbeitete nicht nur theoretisch erfassen sondern auch je nach individuellem Bedarf und Zugangsweg erleben k\u00f6nnen.<br \/>\nDie Methoden siedele ich dementsprechend auf gedanklicher, k\u00f6rperlicher, gef\u00fchlsm\u00e4\u00dfiger und\/oder verhaltensm\u00e4\u00dfiger Ebene an.<br \/>\nDamit m\u00f6chte ich der Individualit\u00e4t und der Einzigartigkeit meiner KlientInnen gerecht werden.<\/p>\n<p>&nbsp;<\/p>\n<p><strong>Bei allen meinen beraterischen Angeboten unterziehe ich mich den Ethikrichtlinien der Deutschen Gesellschaft f\u00fcr Systemische Therapie, Beratung und Familientherapie <a href=\"http:\/\/www.dgsf.org\/ueber-uns\/ethik-richtlinien.htm\" target=\"_blank\">(DGSF)<\/a>.<\/strong><\/p>\n<p>&nbsp;<\/p>\n<p>&nbsp;<\/p>\n","protected":false},"excerpt":{"rendered":"<p>Strukturiert Ich arbeite strukturiert und lasse das den Inhalten zugeh\u00f6rige Ger\u00fcst gerne sichtbar werden. Transparent Innerhalb des Rahmens der Schweigepflicht sorge ich daf\u00fcr, dass Absprachen,\u00a0 Vorg\u00e4nge, \u00dcberlegungen usw. transparent sind. L\u00f6sungsorientiert Ich lege gro\u00dfen Wert darauf, dass wir gemeinsam dort, wo es m\u00f6glich ist, konkrete L\u00f6sungsideen entwickeln, die alltagstauglich sind und Ihre Handlungsoptionen erweitern. Interessiert&#8230;<\/p>\n","protected":false},"author":1,"featured_media":0,"parent":11,"menu_order":0,"comment_status":"closed","ping_status":"closed","template":"","meta":{"footnotes":""},"class_list":["post-29","page","type-page","status-publish","hentry"],"_links":{"self":[{"href":"http:\/\/www.christine-viedt.de\/index.php?rest_route=\/wp\/v2\/pages\/29","targetHints":{"allow":["GET"]}}],"collection":[{"href":"http:\/\/www.christine-viedt.de\/index.php?rest_route=\/wp\/v2\/pages"}],"about":[{"href":"http:\/\/www.christine-viedt.de\/index.php?rest_route=\/wp\/v2\/types\/page"}],"author":[{"embeddable":true,"href":"http:\/\/www.christine-viedt.de\/index.php?rest_route=\/wp\/v2\/users\/1"}],"replies":[{"embeddable":true,"href":"http:\/\/www.christine-viedt.de\/index.php?rest_route=%2Fwp%2Fv2%2Fcomments&post=29"}],"version-history":[{"count":24,"href":"http:\/\/www.christine-viedt.de\/index.php?rest_route=\/wp\/v2\/pages\/29\/revisions"}],"predecessor-version":[{"id":572,"href":"http:\/\/www.christine-viedt.de\/index.php?rest_route=\/wp\/v2\/pages\/29\/revisions\/572"}],"up":[{"embeddable":true,"href":"http:\/\/www.christine-viedt.de\/index.php?rest_route=\/wp\/v2\/pages\/11"}],"wp:attachment":[{"href":"http:\/\/www.christine-viedt.de\/index.php?rest_route=%2Fwp%2Fv2%2Fmedia&parent=29"}],"curies":[{"name":"wp","href":"https:\/\/api.w.org\/{rel}","templated":true}]}}